{"id":427,"date":"2025-07-15T01:51:12","date_gmt":"2025-07-14T22:51:12","guid":{"rendered":"https:\/\/ayanlegal.com\/?page_id=427"},"modified":"2025-07-15T01:58:36","modified_gmt":"2025-07-14T22:58:36","slug":"cevre-ve-imar-hukuku","status":"publish","type":"page","link":"https:\/\/ayanlegal.com\/en\/cevre-ve-imar-hukuku\/","title":{"rendered":"Environmental and Zoning Law"},"content":{"rendered":"<div data-elementor-type=\"wp-page\" data-elementor-id=\"427\" class=\"elementor elementor-427\">\n\t\t\t\t<div class=\"elementor-element elementor-element-249df94 e-flex e-con-boxed e-con e-parent\" data-id=\"249df94\" data-element_type=\"container\" data-e-type=\"container\">\n\t\t\t\t\t<div class=\"e-con-inner\">\n\t\t\t\t<div class=\"elementor-element elementor-element-e7d1fb3 elementor-widget elementor-widget-text-editor\" data-id=\"e7d1fb3\" data-element_type=\"widget\" data-e-type=\"widget\" data-widget_type=\"text-editor.default\">\n\t\t\t\t\t\t\t\t\t<p style=\"text-align: left;\">Ayan Law Firm delivers consultancy services on administrative and legal disputes arising from zoning plans, building permits, and local government practices.<\/p><ul><li style=\"text-align: left;\">Preparation of objection petitions against master and implementation zoning plans, submitting administrative applications such as legend revisions, and handling related annulment and full remedy actions,<\/li><li style=\"text-align: left;\">Filing applications and lawsuits for the finalization, suspension, or annulment of zoning plans,<\/li><li style=\"text-align: left;\">Disputes related to parceling transactions made within the scope of Article 18 of the Zoning Law,<\/li><li style=\"text-align: left;\">Providing legal assistance in issues arising from applications for construction permits and certificates of occupancy,<\/li><li style=\"text-align: left;\">Application and litigation processes against zoning fines and other administrative sanctions,<\/li><li style=\"text-align: left;\">Advising on amnesty (zoning peace) applications and monitoring the related legal procedures.<\/li><li style=\"text-align: left;\">Managing legal disputes involving zoning issues in the context of dissolution of joint ownership (partition by court order).<\/li><li style=\"text-align: left;\">Filing objections and lawsuits against expropriation (eminent domain) procedures.<\/li><li style=\"text-align: left;\">Providing guidance and legal process management regarding municipal zoning plans and settlement procedures.<\/li><li style=\"text-align: left;\">Offering legal consultancy and regulatory guidance on all matters based on zoning and environmental plans.<\/li><\/ul>\t\t\t\t\t\t\t\t<\/div>\n\t\t\t\t\t<\/div>\n\t\t\t\t<\/div>\n\t\t<div class=\"elementor-element elementor-element-8480179 e-flex e-con-boxed e-con e-parent\" data-id=\"8480179\" data-element_type=\"container\" data-e-type=\"container\">\n\t\t\t\t\t<div class=\"e-con-inner\">\n\t\t\t\t<div class=\"elementor-element elementor-element-8898ea6 elementor-align-center elementor-tablet-align-center elementor-widget elementor-widget-button\" data-id=\"8898ea6\" data-element_type=\"widget\" data-e-type=\"widget\" data-widget_type=\"button.default\">\n\t\t\t\t\t\t\t\t\t\t<a class=\"elementor-button elementor-button-link elementor-size-sm elementor-animation-grow\" href=\"https:\/\/ayanlegal.com\/en\/iletisim\/\">\n\t\t\t\t\t\t<span class=\"elementor-button-content-wrapper\">\n\t\t\t\t\t\t\t\t\t<span class=\"elementor-button-text\">Schedule a Consultation<\/span>\n\t\t\t\t\t<\/span>\n\t\t\t\t\t<\/a>\n\t\t\t\t\t\t\t\t<\/div>\n\t\t\t\t\t<\/div>\n\t\t\t\t<\/div>\n\t\t\t\t<\/div>","protected":false},"excerpt":{"rendered":"<p>Ayan Hukuk B\u00fcrosu olarak; imar planlar\u0131, yap\u0131 ruhsatlar\u0131 ve yerel y\u00f6netim uygulamalar\u0131yla ilgili olarak ortaya \u00e7\u0131kan idari ve hukuki uyu\u015fmazl\u0131klarda kapsaml\u0131 dan\u0131\u015fmanl\u0131k hizmeti sunmaktay\u0131z. Naz\u0131m ve uygulama imar planlar\u0131na kar\u015f\u0131 itiraz dilek\u00e7elerinin haz\u0131rlanmas\u0131, lejant revizyonlar\u0131 ve di\u011fer idari ba\u015fvurular\u0131n yap\u0131lmas\u0131, bu i\u015flemlerden do\u011fan iptal ve tam yarg\u0131 davalar\u0131na ili\u015fkin s\u00fcre\u00e7ler, \u0130mar planlar\u0131n\u0131n kesinle\u015fmesi, y\u00fcr\u00fctmesinin durdurulmas\u0131 &hellip; <\/p>\n<p class=\"link-more\"><a href=\"https:\/\/ayanlegal.com\/en\/cevre-ve-imar-hukuku\/\" class=\"more-link\">Read more<span class=\"screen-reader-text\"> &#8220;\u00c7evre ve \u0130mar Hukuku&#8221;<\/span><\/a><\/p>","protected":false},"author":268283071,"featured_media":429,"parent":0,"menu_order":0,"comment_status":"closed","ping_status":"closed","template":"","meta":{"_crdt_document":"","jetpack_post_was_ever_published":false,"footnotes":""},"class_list":["post-427","page","type-page","status-publish","has-post-thumbnail","hentry"],"jetpack_likes_enabled":true,"jetpack_sharing_enabled":true,"jetpack_shortlink":"https:\/\/wp.me\/PgEGkQ-6T","jetpack-related-posts":[{"id":342,"url":"https:\/\/ayanlegal.com\/en\/gayrimenkul-ve-kira-hukuku\/","url_meta":{"origin":427,"position":0},"title":"Gayrimenkul ve Kira Hukuku","author":"avgulsahayan","date":"14 July 2025","format":false,"excerpt":"Ayan Hukuk B\u00fcrosu olarak, gayrimenkul ve kira hukuku alan\u0131nda, konut ve ticari ta\u015f\u0131nmazlara ili\u015fkin s\u00f6zle\u015fmeler ba\u015fta olmak \u00fczere bir\u00e7ok konuda m\u00fcvekkillerimize hukuki dan\u0131\u015fmanl\u0131k ve dava takibi hizmeti sunmaktay\u0131z.Kira s\u00f6zle\u015fmelerinin haz\u0131rlanmas\u0131, kira tespiti, tahliye ve kira alacaklar\u0131na ili\u015fkin davalar\u0131n takibiTapu iptal ve tescil davalar\u0131, ortakl\u0131\u011f\u0131n giderilmesi, ecrimisil ve m\u00fcdahalenin meni davalar\u0131n\u0131n\u2026","rel":"","context":"Similar post","block_context":{"text":"Similar post","link":""},"img":{"alt_text":"","src":"https:\/\/i0.wp.com\/ayanlegal.com\/wp-content\/uploads\/2025\/07\/Gayrimenkul-Hukuku-1024x681-1.jpg?fit=1024%2C681&ssl=1&resize=350%2C200","width":350,"height":200,"srcset":"https:\/\/i0.wp.com\/ayanlegal.com\/wp-content\/uploads\/2025\/07\/Gayrimenkul-Hukuku-1024x681-1.jpg?fit=1024%2C681&ssl=1&resize=350%2C200 1x, https:\/\/i0.wp.com\/ayanlegal.com\/wp-content\/uploads\/2025\/07\/Gayrimenkul-Hukuku-1024x681-1.jpg?fit=1024%2C681&ssl=1&resize=525%2C300 1.5x, https:\/\/i0.wp.com\/ayanlegal.com\/wp-content\/uploads\/2025\/07\/Gayrimenkul-Hukuku-1024x681-1.jpg?fit=1024%2C681&ssl=1&resize=700%2C400 2x"},"classes":[]},{"id":39,"url":"https:\/\/ayanlegal.com\/en\/","url_meta":{"origin":427,"position":1},"title":"Homepage","author":"avgulsahayan","date":"5 July 2025","format":false,"excerpt":"Ayan Hukuk B\u00fcrosu, farkl\u0131 alanlarda uzmanl\u0131k gerektiren hukuki ihtiya\u00e7lara etkili ve g\u00fcvenilir \u00e7\u00f6z\u00fcmler sunmay\u0131 ama\u00e7layan ba\u011f\u0131ms\u0131z bir hukuk ofisidir. Hukuki s\u00fcre\u00e7lerin her a\u015famas\u0131nda m\u00fcvekkillerin yan\u0131nda yer al\u0131r; \u00f6nleyici dan\u0131\u015fmanl\u0131k hizmetlerinden dava ve uyu\u015fmazl\u0131k \u00e7\u00f6z\u00fcm yollar\u0131na kadar geni\u015f bir yelpazede faaliyet g\u00f6sterir.T\u00fcrk\u00e7e ve \u0130ngilizce dillerinde dan\u0131\u015fmanl\u0131k sunan Ayan Hukuk B\u00fcrosu, \u0130stanbul\u2026","rel":"","context":"Similar post","block_context":{"text":"Similar post","link":""},"img":{"alt_text":"","src":"https:\/\/i0.wp.com\/ayanlegal.com\/wp-content\/uploads\/2025\/11\/c177893d84585cec1b3da8da7f0a0ad9-e1762939150467-300x203.jpg?resize=350%2C200&ssl=1","width":350,"height":200},"classes":[]},{"id":405,"url":"https:\/\/ayanlegal.com\/en\/icra-ve-iflas-hukuku\/","url_meta":{"origin":427,"position":2},"title":"Enforcement and Bankruptcy Law","author":"avgulsahayan","date":"15 July 2025","format":false,"excerpt":"Ayan Hukuk B\u00fcrosu olarak, T\u00fcrkiye\u2019de yerle\u015fik ger\u00e7ek ve t\u00fczel ki\u015filerden olan alacaklar\u0131n tahsili ve icra hukukuna ili\u015fkin uyu\u015fmazl\u0131klar\u0131n \u00e7\u00f6z\u00fcm\u00fcne dair her a\u015famada kapsaml\u0131 hukuki destek sunmaktay\u0131z.Alacaklar\u0131n tahsili amac\u0131yla gerekli icra takiplerinin ba\u015flat\u0131lmas\u0131 ve y\u00fcr\u00fct\u00fclmesi,Aleyhe ba\u015flat\u0131lan icra takiplerinde m\u00fcvekkillerin hak ve menfaatlerinin korunmas\u0131 i\u00e7in gerekli ba\u015fvuru ve itirazlar\u0131n yap\u0131lmas\u0131,\u0130tiraz\u0131n iptali, itiraz\u0131n\u2026","rel":"","context":"Similar post","block_context":{"text":"Similar post","link":""},"img":{"alt_text":"","src":"https:\/\/i0.wp.com\/ayanlegal.com\/wp-content\/uploads\/2025\/07\/icra-iflas-HUKUKU.jpg?fit=850%2C400&ssl=1&resize=350%2C200","width":350,"height":200,"srcset":"https:\/\/i0.wp.com\/ayanlegal.com\/wp-content\/uploads\/2025\/07\/icra-iflas-HUKUKU.jpg?fit=850%2C400&ssl=1&resize=350%2C200 1x, https:\/\/i0.wp.com\/ayanlegal.com\/wp-content\/uploads\/2025\/07\/icra-iflas-HUKUKU.jpg?fit=850%2C400&ssl=1&resize=525%2C300 1.5x, https:\/\/i0.wp.com\/ayanlegal.com\/wp-content\/uploads\/2025\/07\/icra-iflas-HUKUKU.jpg?fit=850%2C400&ssl=1&resize=700%2C400 2x"},"classes":[]},{"id":467,"url":"https:\/\/ayanlegal.com\/en\/spor-hukuku\/","url_meta":{"origin":427,"position":3},"title":"Sports Law","author":"avgulsahayan","date":"15 July 2025","format":false,"excerpt":"Ayan Hukuk B\u00fcrosu olarak, sportif faaliyetlerden kaynaklanan yay\u0131n, sponsorluk, reklam ve bilet sat\u0131\u015f\u0131na ili\u015fkin s\u00f6zle\u015fmelerin haz\u0131rlanmas\u0131n\u0131n yan\u0131 s\u0131ra; sporcu, teknik adam, temsilci ve spor kul\u00fcpleri aras\u0131nda akdedilen s\u00f6zle\u015fmelere dair hukuki dan\u0131\u015fmanl\u0131k sunmaktay\u0131z. Ayr\u0131ca, ulusal ve uluslararas\u0131 spor federasyonlar\u0131 ile spor otoritelerinin belirledi\u011fi mevzuat ve uygulamalara ili\u015fkin olarak da m\u00fcvekkillerimize rehberlik\u2026","rel":"","context":"Similar post","block_context":{"text":"Similar post","link":""},"img":{"alt_text":"spor hukuku","src":"https:\/\/i0.wp.com\/ayanlegal.com\/wp-content\/uploads\/2025\/07\/spor-hukuku.png?fit=1100%2C500&ssl=1&resize=350%2C200","width":350,"height":200,"srcset":"https:\/\/i0.wp.com\/ayanlegal.com\/wp-content\/uploads\/2025\/07\/spor-hukuku.png?fit=1100%2C500&ssl=1&resize=350%2C200 1x, https:\/\/i0.wp.com\/ayanlegal.com\/wp-content\/uploads\/2025\/07\/spor-hukuku.png?fit=1100%2C500&ssl=1&resize=525%2C300 1.5x, https:\/\/i0.wp.com\/ayanlegal.com\/wp-content\/uploads\/2025\/07\/spor-hukuku.png?fit=1100%2C500&ssl=1&resize=700%2C400 2x, https:\/\/i0.wp.com\/ayanlegal.com\/wp-content\/uploads\/2025\/07\/spor-hukuku.png?fit=1100%2C500&ssl=1&resize=1050%2C600 3x"},"classes":[]},{"id":461,"url":"https:\/\/ayanlegal.com\/en\/sigorta-hukuku\/","url_meta":{"origin":427,"position":4},"title":"Insurance Law","author":"avgulsahayan","date":"15 July 2025","format":false,"excerpt":"Ayan Hukuk B\u00fcrosu olarak, m\u00fcvekkillerimizin ya\u015fad\u0131\u011f\u0131 uyu\u015fmazl\u0131klara hem yarg\u0131 mercileri hem de alternatif \u00e7\u00f6z\u00fcm yollar\u0131 arac\u0131l\u0131\u011f\u0131yla \u00e7\u00f6z\u00fcmler \u00fcretmekte; sigorta ve reas\u00fcrans hukukuna ili\u015fkin mevzuat deste\u011fi ve hukuki dan\u0131\u015fmanl\u0131k hizmeti sunmaktay\u0131z.Sigorta s\u00f6zle\u015fmelerinin haz\u0131rlanmas\u0131, feshi, k\u0131smi fesih veya cayma i\u015flemlerinin hukuki s\u00fcre\u00e7 ve takibi,Sigorta uyu\u015fmazl\u0131klar\u0131na ili\u015fkin tahkim s\u00fcre\u00e7lerinin y\u00fcr\u00fct\u00fclmesi,Emeklilik, sa\u011fl\u0131k ve hayat\u2026","rel":"","context":"Similar post","block_context":{"text":"Similar post","link":""},"img":{"alt_text":"","src":"https:\/\/i0.wp.com\/ayanlegal.com\/wp-content\/uploads\/2025\/07\/sigorta-case.jpg?fit=1200%2C579&ssl=1&resize=350%2C200","width":350,"height":200,"srcset":"https:\/\/i0.wp.com\/ayanlegal.com\/wp-content\/uploads\/2025\/07\/sigorta-case.jpg?fit=1200%2C579&ssl=1&resize=350%2C200 1x, https:\/\/i0.wp.com\/ayanlegal.com\/wp-content\/uploads\/2025\/07\/sigorta-case.jpg?fit=1200%2C579&ssl=1&resize=525%2C300 1.5x, https:\/\/i0.wp.com\/ayanlegal.com\/wp-content\/uploads\/2025\/07\/sigorta-case.jpg?fit=1200%2C579&ssl=1&resize=700%2C400 2x, https:\/\/i0.wp.com\/ayanlegal.com\/wp-content\/uploads\/2025\/07\/sigorta-case.jpg?fit=1200%2C579&ssl=1&resize=1050%2C600 3x"},"classes":[]},{"id":436,"url":"https:\/\/ayanlegal.com\/en\/kentsel-donusum-hukuku\/","url_meta":{"origin":427,"position":5},"title":"Urban Transformation Law","author":"avgulsahayan","date":"15 July 2025","format":false,"excerpt":"Ayan Hukuk B\u00fcrosu kentsel d\u00f6n\u00fc\u015f\u00fcm s\u00fcre\u00e7lerinde hem y\u00fcklenici firmalara hem de kat maliklerine, proje ba\u015flang\u0131c\u0131ndan tamamlanmas\u0131na kadar ihtiya\u00e7 duyulan t\u00fcm hukuki destek sa\u011flanmakta; belediye, tapu m\u00fcd\u00fcrl\u00fc\u011f\u00fc ve ilgili kurumlarla y\u00fcr\u00fct\u00fclen i\u015flemlerin takibi konusunda hukuki hizmet vermektedir.Kentsel d\u00f6n\u00fc\u015f\u00fcm projelerine dair t\u00fcm hukuki s\u00fcre\u00e7lerin takibi,Belediye, tapu m\u00fcd\u00fcrl\u00fc\u011f\u00fc ve di\u011fer resmi kurumlarda yap\u0131lan\u2026","rel":"","context":"Similar post","block_context":{"text":"Similar post","link":""},"img":{"alt_text":"","src":"https:\/\/i0.wp.com\/ayanlegal.com\/wp-content\/uploads\/2025\/07\/kentsel_donusum_kapsamindaki_insaat_sozlesmelerinin_feshi_talebi_ve_bu_talebin_reddi_halinde_idari_dava.jpg?fit=800%2C457&ssl=1&resize=350%2C200","width":350,"height":200,"srcset":"https:\/\/i0.wp.com\/ayanlegal.com\/wp-content\/uploads\/2025\/07\/kentsel_donusum_kapsamindaki_insaat_sozlesmelerinin_feshi_talebi_ve_bu_talebin_reddi_halinde_idari_dava.jpg?fit=800%2C457&ssl=1&resize=350%2C200 1x, https:\/\/i0.wp.com\/ayanlegal.com\/wp-content\/uploads\/2025\/07\/kentsel_donusum_kapsamindaki_insaat_sozlesmelerinin_feshi_talebi_ve_bu_talebin_reddi_halinde_idari_dava.jpg?fit=800%2C457&ssl=1&resize=525%2C300 1.5x, https:\/\/i0.wp.com\/ayanlegal.com\/wp-content\/uploads\/2025\/07\/kentsel_donusum_kapsamindaki_insaat_sozlesmelerinin_feshi_talebi_ve_bu_talebin_reddi_halinde_idari_dava.jpg?fit=800%2C457&ssl=1&resize=700%2C400 2x"},"classes":[]}],"_links":{"self":[{"href":"https:\/\/ayanlegal.com\/en\/wp-json\/wp\/v2\/pages\/427","targetHints":{"allow":["GET"]}}],"collection":[{"href":"https:\/\/ayanlegal.com\/en\/wp-json\/wp\/v2\/pages"}],"about":[{"href":"https:\/\/ayanlegal.com\/en\/wp-json\/wp\/v2\/types\/page"}],"author":[{"embeddable":true,"href":"https:\/\/ayanlegal.com\/en\/wp-json\/wp\/v2\/users\/268283071"}],"replies":[{"embeddable":true,"href":"https:\/\/ayanlegal.com\/en\/wp-json\/wp\/v2\/comments?post=427"}],"version-history":[{"count":10,"href":"https:\/\/ayanlegal.com\/en\/wp-json\/wp\/v2\/pages\/427\/revisions"}],"predecessor-version":[{"id":451,"href":"https:\/\/ayanlegal.com\/en\/wp-json\/wp\/v2\/pages\/427\/revisions\/451"}],"wp:featuredmedia":[{"embeddable":true,"href":"https:\/\/ayanlegal.com\/en\/wp-json\/wp\/v2\/media\/429"}],"wp:attachment":[{"href":"https:\/\/ayanlegal.com\/en\/wp-json\/wp\/v2\/media?parent=427"}],"curies":[{"name":"wp","href":"https:\/\/api.w.org\/{rel}","templated":true}]}}