{"id":319,"date":"2025-07-14T15:44:47","date_gmt":"2025-07-14T12:44:47","guid":{"rendered":"https:\/\/ayanlegal.com\/?page_id=319"},"modified":"2025-11-12T13:44:22","modified_gmt":"2025-11-12T10:44:22","slug":"fikri-mulkiyet-hukuku","status":"publish","type":"page","link":"https:\/\/ayanlegal.com\/en\/fikri-mulkiyet-hukuku\/","title":{"rendered":"Intellectual Property Law"},"content":{"rendered":"<div data-elementor-type=\"wp-page\" data-elementor-id=\"319\" class=\"elementor elementor-319\">\n\t\t\t\t<div class=\"elementor-element elementor-element-019882f e-flex e-con-boxed e-con e-parent\" data-id=\"019882f\" data-element_type=\"container\" data-e-type=\"container\">\n\t\t\t\t\t<div class=\"e-con-inner\">\n\t\t\t\t<div class=\"elementor-element elementor-element-b5b9c28 elementor-widget elementor-widget-text-editor\" data-id=\"b5b9c28\" data-element_type=\"widget\" data-e-type=\"widget\" data-widget_type=\"text-editor.default\">\n\t\t\t\t\t\t\t\t\t<p style=\"text-align: left;\">Our office provides legal consultancy services on copyrights, trademarks, patents and all other intellectual and industrial property rights. In addition, we file applications with the Turkish Patent and Trademark Office and the World Intellectual Property Organization (WIPO) to protect these rights both nationally and internationally.<\/p><ul style=\"text-align: left;\"><li style=\"text-align: left;\">Drafting and negotiating license agreements, transfer of intellectual and industrial property rights, pledge agreements, and other related contracts,<\/li><li style=\"text-align: left;\">Conducting research to protect trademarks, patents, and utility models registered with the Turkish Patent and Trademark Office and\/or WIPO,<\/li><li style=\"text-align: left;\">Monitoring lawsuits for the annulment of the Turkish Patent and Trademark Office\u2019s Board of Reexamination and Evaluation (Y\u0130DK) decisions,<\/li><li style=\"text-align: left;\">Monitoring trademark infringement processes via the internet,<\/li><li style=\"text-align: left;\">Preparing periodic reports to prevent potential infringements,<\/li><li style=\"text-align: left;\">Executing cases for detection, cessation and prevention of interference in disputes or attacks on intellectual and artistic works,<\/li><li style=\"text-align: left;\">Filing applications with relevant authorities for the registration of internet domain names,<\/li><li style=\"text-align: left;\">Providing consultancy on transferring unlawfully registered internet domain names to their rightful owners and terminating related infringements.<\/li><\/ul>\t\t\t\t\t\t\t\t<\/div>\n\t\t\t\t\t<\/div>\n\t\t\t\t<\/div>\n\t\t<div class=\"elementor-element elementor-element-76ffb18 e-flex e-con-boxed e-con e-parent\" data-id=\"76ffb18\" data-element_type=\"container\" data-e-type=\"container\">\n\t\t\t\t\t<div class=\"e-con-inner\">\n\t\t\t\t<div class=\"elementor-element elementor-element-d79acce elementor-align-center elementor-tablet-align-center elementor-widget elementor-widget-button\" data-id=\"d79acce\" data-element_type=\"widget\" data-e-type=\"widget\" data-widget_type=\"button.default\">\n\t\t\t\t\t\t\t\t\t\t<a class=\"elementor-button elementor-button-link elementor-size-sm elementor-animation-grow\" href=\"https:\/\/ayanlegal.com\/en\/iletisim\/\">\n\t\t\t\t\t\t<span class=\"elementor-button-content-wrapper\">\n\t\t\t\t\t\t\t\t\t<span class=\"elementor-button-text\">Schedule a Consultation<\/span>\n\t\t\t\t\t<\/span>\n\t\t\t\t\t<\/a>\n\t\t\t\t\t\t\t\t<\/div>\n\t\t\t\t\t<\/div>\n\t\t\t\t<\/div>\n\t\t\t\t<\/div>","protected":false},"excerpt":{"rendered":"<p>B\u00fcromuz; telif hakk\u0131, marka, patent ve di\u011fer t\u00fcm fikri ve s\u0131nai m\u00fclkiyet haklar\u0131 konusunda hukuki dan\u0131\u015fmanl\u0131k hizmeti vermek ile birlikte, bu haklar\u0131n ulusal ve uluslararas\u0131 alanda korunmas\u0131 i\u00e7in T\u00fcrk Patent Enstit\u00fcs\u00fc\u2019ne ve WIPO\u2019ya ba\u015fvuruda bulunmaktad\u0131r. Lisans s\u00f6zle\u015fmesi, fikri ve s\u0131nai haklar\u0131n devri ile rehin s\u00f6zle\u015fmeleri dahil olmak \u00fczere bu alanda \u00e7e\u015fitli s\u00f6zle\u015fmelerin haz\u0131rlanmas\u0131 ve m\u00fczakere &hellip; <\/p>\n<p class=\"link-more\"><a href=\"https:\/\/ayanlegal.com\/en\/fikri-mulkiyet-hukuku\/\" class=\"more-link\">Read more<span class=\"screen-reader-text\"> &#8220;Fikri M\u00fclkiyet Hukuku&#8221;<\/span><\/a><\/p>","protected":false},"author":268283071,"featured_media":321,"parent":0,"menu_order":0,"comment_status":"closed","ping_status":"closed","template":"","meta":{"_crdt_document":"","footnotes":""},"class_list":["post-319","page","type-page","status-publish","has-post-thumbnail","hentry"],"jetpack_likes_enabled":true,"jetpack_sharing_enabled":true,"jetpack_shortlink":"https:\/\/wp.me\/PgEGkQ-59","jetpack-related-posts":[{"id":342,"url":"https:\/\/ayanlegal.com\/en\/gayrimenkul-ve-kira-hukuku\/","url_meta":{"origin":319,"position":0},"title":"Gayrimenkul ve Kira Hukuku","author":"avgulsahayan","date":"14 July 2025","format":false,"excerpt":"Ayan Hukuk B\u00fcrosu olarak, gayrimenkul ve kira hukuku alan\u0131nda, konut ve ticari ta\u015f\u0131nmazlara ili\u015fkin s\u00f6zle\u015fmeler ba\u015fta olmak \u00fczere bir\u00e7ok konuda m\u00fcvekkillerimize hukuki dan\u0131\u015fmanl\u0131k ve dava takibi hizmeti sunmaktay\u0131z.Kira s\u00f6zle\u015fmelerinin haz\u0131rlanmas\u0131, kira tespiti, tahliye ve kira alacaklar\u0131na ili\u015fkin davalar\u0131n takibiTapu iptal ve tescil davalar\u0131, ortakl\u0131\u011f\u0131n giderilmesi, ecrimisil ve m\u00fcdahalenin meni davalar\u0131n\u0131n\u2026","rel":"","context":"Similar post","block_context":{"text":"Similar post","link":""},"img":{"alt_text":"","src":"https:\/\/i0.wp.com\/ayanlegal.com\/wp-content\/uploads\/2025\/07\/Gayrimenkul-Hukuku-1024x681-1.jpg?fit=1024%2C681&ssl=1&resize=350%2C200","width":350,"height":200,"srcset":"https:\/\/i0.wp.com\/ayanlegal.com\/wp-content\/uploads\/2025\/07\/Gayrimenkul-Hukuku-1024x681-1.jpg?fit=1024%2C681&ssl=1&resize=350%2C200 1x, https:\/\/i0.wp.com\/ayanlegal.com\/wp-content\/uploads\/2025\/07\/Gayrimenkul-Hukuku-1024x681-1.jpg?fit=1024%2C681&ssl=1&resize=525%2C300 1.5x, https:\/\/i0.wp.com\/ayanlegal.com\/wp-content\/uploads\/2025\/07\/Gayrimenkul-Hukuku-1024x681-1.jpg?fit=1024%2C681&ssl=1&resize=700%2C400 2x"},"classes":[]},{"id":486,"url":"https:\/\/ayanlegal.com\/en\/yabancilar-ve-vatandaslik-hukuku\/","url_meta":{"origin":319,"position":1},"title":"Foreigners and Citizenship Law","author":"avgulsahayan","date":"15 July 2025","format":false,"excerpt":"Ayan Hukuk B\u00fcrosu olarak, Milletleraras\u0131 \u00d6zel Hukuk ve Usul Hukuku Hakk\u0131nda Kanun, T\u00fcrk Vatanda\u015fl\u0131\u011f\u0131 Kanunu ve ilgili di\u011fer mevzuatta yer alan d\u00fczenlemeler uyar\u0131nca hukuki dan\u0131\u015fmanl\u0131k sa\u011flamaktay\u0131z.Yabanc\u0131lar\u0131n \u00e7al\u0131\u015fma ve\/veya ikamet izinlerinin al\u0131nmas\u0131, uzat\u0131lmas\u0131 i\u00e7in ba\u015fvurular\u0131n yap\u0131lmas\u0131 ve sonu\u00e7land\u0131r\u0131lmas\u0131,\u00c7al\u0131\u015fma ve\/veya ikamet izni ba\u015fvurular\u0131n\u0131n reddedilmesi halinde gerekli itirazlar\u0131n ve dava s\u00fcre\u00e7lerinin y\u00fcr\u00fct\u00fclmesi,T\u00fcrk vatanda\u015fl\u0131\u011f\u0131na\u2026","rel":"","context":"Similar post","block_context":{"text":"Similar post","link":""},"img":{"alt_text":"","src":"https:\/\/i0.wp.com\/ayanlegal.com\/wp-content\/uploads\/2025\/07\/yabancilar-hukuku.webp?fit=1200%2C628&ssl=1&resize=350%2C200","width":350,"height":200,"srcset":"https:\/\/i0.wp.com\/ayanlegal.com\/wp-content\/uploads\/2025\/07\/yabancilar-hukuku.webp?fit=1200%2C628&ssl=1&resize=350%2C200 1x, https:\/\/i0.wp.com\/ayanlegal.com\/wp-content\/uploads\/2025\/07\/yabancilar-hukuku.webp?fit=1200%2C628&ssl=1&resize=525%2C300 1.5x, https:\/\/i0.wp.com\/ayanlegal.com\/wp-content\/uploads\/2025\/07\/yabancilar-hukuku.webp?fit=1200%2C628&ssl=1&resize=700%2C400 2x, https:\/\/i0.wp.com\/ayanlegal.com\/wp-content\/uploads\/2025\/07\/yabancilar-hukuku.webp?fit=1200%2C628&ssl=1&resize=1050%2C600 3x"},"classes":[]},{"id":405,"url":"https:\/\/ayanlegal.com\/en\/icra-ve-iflas-hukuku\/","url_meta":{"origin":319,"position":2},"title":"Enforcement and Bankruptcy Law","author":"avgulsahayan","date":"15 July 2025","format":false,"excerpt":"Ayan Hukuk B\u00fcrosu olarak, T\u00fcrkiye\u2019de yerle\u015fik ger\u00e7ek ve t\u00fczel ki\u015filerden olan alacaklar\u0131n tahsili ve icra hukukuna ili\u015fkin uyu\u015fmazl\u0131klar\u0131n \u00e7\u00f6z\u00fcm\u00fcne dair her a\u015famada kapsaml\u0131 hukuki destek sunmaktay\u0131z.Alacaklar\u0131n tahsili amac\u0131yla gerekli icra takiplerinin ba\u015flat\u0131lmas\u0131 ve y\u00fcr\u00fct\u00fclmesi,Aleyhe ba\u015flat\u0131lan icra takiplerinde m\u00fcvekkillerin hak ve menfaatlerinin korunmas\u0131 i\u00e7in gerekli ba\u015fvuru ve itirazlar\u0131n yap\u0131lmas\u0131,\u0130tiraz\u0131n iptali, itiraz\u0131n\u2026","rel":"","context":"Similar post","block_context":{"text":"Similar post","link":""},"img":{"alt_text":"","src":"https:\/\/i0.wp.com\/ayanlegal.com\/wp-content\/uploads\/2025\/07\/icra-iflas-HUKUKU.jpg?fit=850%2C400&ssl=1&resize=350%2C200","width":350,"height":200,"srcset":"https:\/\/i0.wp.com\/ayanlegal.com\/wp-content\/uploads\/2025\/07\/icra-iflas-HUKUKU.jpg?fit=850%2C400&ssl=1&resize=350%2C200 1x, https:\/\/i0.wp.com\/ayanlegal.com\/wp-content\/uploads\/2025\/07\/icra-iflas-HUKUKU.jpg?fit=850%2C400&ssl=1&resize=525%2C300 1.5x, https:\/\/i0.wp.com\/ayanlegal.com\/wp-content\/uploads\/2025\/07\/icra-iflas-HUKUKU.jpg?fit=850%2C400&ssl=1&resize=700%2C400 2x"},"classes":[]},{"id":39,"url":"https:\/\/ayanlegal.com\/en\/","url_meta":{"origin":319,"position":3},"title":"Homepage","author":"avgulsahayan","date":"5 July 2025","format":false,"excerpt":"Ayan Hukuk B\u00fcrosu, farkl\u0131 alanlarda uzmanl\u0131k gerektiren hukuki ihtiya\u00e7lara etkili ve g\u00fcvenilir \u00e7\u00f6z\u00fcmler sunmay\u0131 ama\u00e7layan ba\u011f\u0131ms\u0131z bir hukuk ofisidir. Hukuki s\u00fcre\u00e7lerin her a\u015famas\u0131nda m\u00fcvekkillerin yan\u0131nda yer al\u0131r; \u00f6nleyici dan\u0131\u015fmanl\u0131k hizmetlerinden dava ve uyu\u015fmazl\u0131k \u00e7\u00f6z\u00fcm yollar\u0131na kadar geni\u015f bir yelpazede faaliyet g\u00f6sterir.T\u00fcrk\u00e7e ve \u0130ngilizce dillerinde dan\u0131\u015fmanl\u0131k sunan Ayan Hukuk B\u00fcrosu, \u0130stanbul\u2026","rel":"","context":"Similar post","block_context":{"text":"Similar post","link":""},"img":{"alt_text":"","src":"https:\/\/i0.wp.com\/ayanlegal.com\/wp-content\/uploads\/2025\/11\/c177893d84585cec1b3da8da7f0a0ad9-e1762939150467-300x203.jpg?resize=350%2C200&ssl=1","width":350,"height":200},"classes":[]},{"id":304,"url":"https:\/\/ayanlegal.com\/en\/ceza-hukuku\/","url_meta":{"origin":319,"position":4},"title":"Criminal Law","author":"avgulsahayan","date":"14 July 2025","format":false,"excerpt":"B\u00fcromuz, soru\u015fturma ve kovu\u015fturma a\u015famalar\u0131ndan infaz s\u00fcrecine kadar, gerek m\u00fc\u015fteki gerekse de \u015f\u00fcpheli veya san\u0131k konumunda bulunan m\u00fcvekkillerine hukuki destek vermekte ve s\u00fcreci titizlikle takip etmektedir.T\u00fcrk Ceza Kanunu, Ceza Muhakemesi Kanunu ve ilgili di\u011fer t\u00fcm kanun ve mevzuat \u00e7er\u00e7evesinde ceza davalar\u0131n\u0131n takibi ve sonu\u00e7land\u0131r\u0131lmas\u0131,Soru\u015fturma ve kovu\u015fturma a\u015famalar\u0131nda \u015f\u00fcpheli ve san\u0131k\u2026","rel":"","context":"Similar post","block_context":{"text":"Similar post","link":""},"img":{"alt_text":"","src":"https:\/\/i0.wp.com\/ayanlegal.com\/wp-content\/uploads\/2025\/07\/terazi-renkli2-dogru-1280x720-1.webp?fit=1200%2C675&ssl=1&resize=350%2C200","width":350,"height":200,"srcset":"https:\/\/i0.wp.com\/ayanlegal.com\/wp-content\/uploads\/2025\/07\/terazi-renkli2-dogru-1280x720-1.webp?fit=1200%2C675&ssl=1&resize=350%2C200 1x, https:\/\/i0.wp.com\/ayanlegal.com\/wp-content\/uploads\/2025\/07\/terazi-renkli2-dogru-1280x720-1.webp?fit=1200%2C675&ssl=1&resize=525%2C300 1.5x, https:\/\/i0.wp.com\/ayanlegal.com\/wp-content\/uploads\/2025\/07\/terazi-renkli2-dogru-1280x720-1.webp?fit=1200%2C675&ssl=1&resize=700%2C400 2x, https:\/\/i0.wp.com\/ayanlegal.com\/wp-content\/uploads\/2025\/07\/terazi-renkli2-dogru-1280x720-1.webp?fit=1200%2C675&ssl=1&resize=1050%2C600 3x"},"classes":[]},{"id":467,"url":"https:\/\/ayanlegal.com\/en\/spor-hukuku\/","url_meta":{"origin":319,"position":5},"title":"Sports Law","author":"avgulsahayan","date":"15 July 2025","format":false,"excerpt":"Ayan Hukuk B\u00fcrosu olarak, sportif faaliyetlerden kaynaklanan yay\u0131n, sponsorluk, reklam ve bilet sat\u0131\u015f\u0131na ili\u015fkin s\u00f6zle\u015fmelerin haz\u0131rlanmas\u0131n\u0131n yan\u0131 s\u0131ra; sporcu, teknik adam, temsilci ve spor kul\u00fcpleri aras\u0131nda akdedilen s\u00f6zle\u015fmelere dair hukuki dan\u0131\u015fmanl\u0131k sunmaktay\u0131z. Ayr\u0131ca, ulusal ve uluslararas\u0131 spor federasyonlar\u0131 ile spor otoritelerinin belirledi\u011fi mevzuat ve uygulamalara ili\u015fkin olarak da m\u00fcvekkillerimize rehberlik\u2026","rel":"","context":"Similar post","block_context":{"text":"Similar post","link":""},"img":{"alt_text":"spor hukuku","src":"https:\/\/i0.wp.com\/ayanlegal.com\/wp-content\/uploads\/2025\/07\/spor-hukuku.png?fit=1100%2C500&ssl=1&resize=350%2C200","width":350,"height":200,"srcset":"https:\/\/i0.wp.com\/ayanlegal.com\/wp-content\/uploads\/2025\/07\/spor-hukuku.png?fit=1100%2C500&ssl=1&resize=350%2C200 1x, https:\/\/i0.wp.com\/ayanlegal.com\/wp-content\/uploads\/2025\/07\/spor-hukuku.png?fit=1100%2C500&ssl=1&resize=525%2C300 1.5x, https:\/\/i0.wp.com\/ayanlegal.com\/wp-content\/uploads\/2025\/07\/spor-hukuku.png?fit=1100%2C500&ssl=1&resize=700%2C400 2x, https:\/\/i0.wp.com\/ayanlegal.com\/wp-content\/uploads\/2025\/07\/spor-hukuku.png?fit=1100%2C500&ssl=1&resize=1050%2C600 3x"},"classes":[]}],"_links":{"self":[{"href":"https:\/\/ayanlegal.com\/en\/wp-json\/wp\/v2\/pages\/319","targetHints":{"allow":["GET"]}}],"collection":[{"href":"https:\/\/ayanlegal.com\/en\/wp-json\/wp\/v2\/pages"}],"about":[{"href":"https:\/\/ayanlegal.com\/en\/wp-json\/wp\/v2\/types\/page"}],"author":[{"embeddable":true,"href":"https:\/\/ayanlegal.com\/en\/wp-json\/wp\/v2\/users\/268283071"}],"replies":[{"embeddable":true,"href":"https:\/\/ayanlegal.com\/en\/wp-json\/wp\/v2\/comments?post=319"}],"version-history":[{"count":26,"href":"https:\/\/ayanlegal.com\/en\/wp-json\/wp\/v2\/pages\/319\/revisions"}],"predecessor-version":[{"id":528,"href":"https:\/\/ayanlegal.com\/en\/wp-json\/wp\/v2\/pages\/319\/revisions\/528"}],"wp:featuredmedia":[{"embeddable":true,"href":"https:\/\/ayanlegal.com\/en\/wp-json\/wp\/v2\/media\/321"}],"wp:attachment":[{"href":"https:\/\/ayanlegal.com\/en\/wp-json\/wp\/v2\/media?parent=319"}],"curies":[{"name":"wp","href":"https:\/\/api.w.org\/{rel}","templated":true}]}}